{"id":194,"date":"2020-11-24T08:40:37","date_gmt":"2020-11-24T07:40:37","guid":{"rendered":"http:\/\/www.vollkrass.at\/?page_id=194"},"modified":"2020-12-23T23:05:48","modified_gmt":"2020-12-23T22:05:48","slug":"impressum","status":"publish","type":"page","link":"https:\/\/www.melges24.at\/index.php\/impressum\/","title":{"rendered":"Impressum"},"content":{"rendered":"\n<p>Realisierung Homepage durch: www.kbs.at (Valentin Kogard).<\/p>\n\n\n\n<p>Die AM24CA gestattet die \u00dcbernahme von Texten in Datenbest\u00e4nde, die ausschlie\u00dflich f\u00fcr den privaten Gebrauch eines Nutzers bestimmt sind. Die \u00dcbernahme und Nutzung zu anderen Zwecken bedarf der Zustimmung der AM24CA.<br>Die AM24CA beh\u00e4lt sich vor, Beitr\u00e4ge \/ e-mails, unter Angabe des Verfassers, evtl. in gek\u00fcrzter Form, zu ver\u00f6ffentlichen. Bitte teilen Sie uns mit, wenn Sie eine Ver\u00f6ffentlichung Ihres Beitrages nicht w\u00fcnschen bzw. die gek\u00fcrzte Version vor Ver\u00f6ffentlichung korrekturlesen wollen.<br>Die AM24CA \u00fcbernimmt keine Verantwortung f\u00fcr Inhalte, die auf verlinkten Seiten dargestellt werden &#8211; sollten Ihnen kritische Inhalte auffallen, bitten wir Sie um Meldung an einen der Vorsitzenden.<\/p>\n","protected":false},"excerpt":{"rendered":"<p>Realisierung Homepage durch: www.kbs.at (Valentin Kogard). Die AM24CA gestattet die \u00dcbernahme von Texten in Datenbest\u00e4nde, die ausschlie\u00dflich f\u00fcr den privaten Gebrauch eines Nutzers bestimmt sind. Die \u00dcbernahme und Nutzung zu anderen Zwecken bedarf der Zustimmung der AM24CA.Die AM24CA beh\u00e4lt sich vor, Beitr\u00e4ge \/ e-mails, unter Angabe des Verfassers, evtl. in [&hellip;]<\/p>\n","protected":false},"author":1,"featured_media":0,"parent":0,"menu_order":0,"comment_status":"closed","ping_status":"closed","template":"page-templates\/template-page-sidebar.php","meta":{"ngg_post_thumbnail":0},"_links":{"self":[{"href":"https:\/\/www.melges24.at\/index.php\/wp-json\/wp\/v2\/pages\/194"}],"collection":[{"href":"https:\/\/www.melges24.at\/index.php\/wp-json\/wp\/v2\/pages"}],"about":[{"href":"https:\/\/www.melges24.at\/index.php\/wp-json\/wp\/v2\/types\/page"}],"author":[{"embeddable":true,"href":"https:\/\/www.melges24.at\/index.php\/wp-json\/wp\/v2\/users\/1"}],"replies":[{"embeddable":true,"href":"https:\/\/www.melges24.at\/index.php\/wp-json\/wp\/v2\/comments?post=194"}],"version-history":[{"count":4,"href":"https:\/\/www.melges24.at\/index.php\/wp-json\/wp\/v2\/pages\/194\/revisions"}],"predecessor-version":[{"id":323,"href":"https:\/\/www.melges24.at\/index.php\/wp-json\/wp\/v2\/pages\/194\/revisions\/323"}],"wp:attachment":[{"href":"https:\/\/www.melges24.at\/index.php\/wp-json\/wp\/v2\/media?parent=194"}],"curies":[{"name":"wp","href":"https:\/\/api.w.org\/{rel}","templated":true}]}}